{"id":31,"date":"2021-08-15T13:51:59","date_gmt":"2021-08-15T13:51:59","guid":{"rendered":"https:\/\/drharmatkinga.hu\/?page_id=31"},"modified":"2022-11-23T19:56:29","modified_gmt":"2022-11-23T19:56:29","slug":"kezdolap-2","status":"publish","type":"page","link":"https:\/\/drharmatkinga.hu\/","title":{"rendered":"Kezd\u0151lap"},"content":{"rendered":"<p>[et_pb_section fb_built=&#8221;1&#8243; _builder_version=&#8221;4.16&#8243; _module_preset=&#8221;default&#8221; global_colors_info=&#8221;{}&#8221;][et_pb_row _builder_version=&#8221;4.16&#8243; _module_preset=&#8221;default&#8221; global_colors_info=&#8221;{}&#8221;][et_pb_column type=&#8221;4_4&#8243; _builder_version=&#8221;4.16&#8243; _module_preset=&#8221;default&#8221; global_colors_info=&#8221;{}&#8221;][et_pb_text _builder_version=&#8221;4.16&#8243; _module_preset=&#8221;default&#8221; text_font=&#8221;|600|||||||&#8221; text_text_color=&#8221;#000000&#8243; text_font_size=&#8221;26px&#8221; text_orientation=&#8221;center&#8221; global_colors_info=&#8221;{}&#8221;]<\/p>\n<p>KEDVES L\u00c1TOGAT\u00d3! AZ OLDAL JELENLEG SZERKESZT\u00c9S ALATT \u00c1LL!<\/p>\n<p>[\/et_pb_text][\/et_pb_column][\/et_pb_row][et_pb_row column_structure=&#8221;1_3,1_3,1_3&#8243; _builder_version=&#8221;4.16&#8243; _module_preset=&#8221;default&#8221; global_colors_info=&#8221;{}&#8221;][et_pb_column type=&#8221;1_3&#8243; _builder_version=&#8221;4.16&#8243; _module_preset=&#8221;default&#8221; global_colors_info=&#8221;{}&#8221;][et_pb_blurb title=&#8221;Mag\u00e1nrendel\u00e9s&#8221; _builder_version=&#8221;4.16&#8243; _module_preset=&#8221;default&#8221; global_colors_info=&#8221;{}&#8221;]<\/p>\n<p>P\u00e9cs, Hung\u00e1ria \u00fat 53\/1. 208-as rendel\u0151<br \/>Tel.: 06-30-715-6862<\/p>\n<p>[\/et_pb_blurb][\/et_pb_column][et_pb_column type=&#8221;1_3&#8243; _builder_version=&#8221;4.16&#8243; _module_preset=&#8221;default&#8221; global_colors_info=&#8221;{}&#8221;][et_pb_blurb title=&#8221;PTE KK F\u00fcl-Orr-G\u00e9g\u00e9szeti \u00e9s Fej-Nyakseb\u00e9szeti Klinika&#8221; _builder_version=&#8221;4.19.1&#8243; _module_preset=&#8221;default&#8221; header_line_height=&#8221;1.2em&#8221; global_colors_info=&#8221;{}&#8221;]<\/p>\n<p>7621 P\u00e9cs, Munk\u00e1csy M. u. 2.<br \/>Munkahelyi telefon: 06-72-507-382<\/p>\n<p>[\/et_pb_blurb][\/et_pb_column][et_pb_column type=&#8221;1_3&#8243; _builder_version=&#8221;4.16&#8243; _module_preset=&#8221;default&#8221; global_colors_info=&#8221;{}&#8221;][et_pb_blurb _builder_version=&#8221;4.16&#8243; _module_preset=&#8221;default&#8221; global_colors_info=&#8221;{}&#8221;]<\/p>\n<p>A PTE KK F\u00fcl-, Orr-, G\u00e9g\u00e9szeti \u00e9s Fej-, Nyakseb\u00e9szeti Klinika Otoneurol\u00f3giai Szakambulanci\u00e1ja mellett sz\u00e9d\u00fcl\u00e9s diagnosztikai vizsg\u00e1latokat \u00e9s ter\u00e1pi\u00e1s tan\u00e1csad\u00e1st v\u00e9gzek.<\/p>\n<p>[\/et_pb_blurb][\/et_pb_column][\/et_pb_row][et_pb_row _builder_version=&#8221;4.16&#8243; _module_preset=&#8221;default&#8221; global_colors_info=&#8221;{}&#8221;][et_pb_column type=&#8221;4_4&#8243; _builder_version=&#8221;4.16&#8243; _module_preset=&#8221;default&#8221; global_colors_info=&#8221;{}&#8221;][et_pb_text _builder_version=&#8221;4.19.1&#8243; _module_preset=&#8221;default&#8221; custom_padding=&#8221;0px|||||&#8221; global_colors_info=&#8221;{}&#8221;]<\/p>\n<p>2017 j\u00fcliust\u00f3l otoneurol\u00f3giai \u00e9s f\u00fcl-orr-g\u00e9g\u00e9szeti mag\u00e1nrendel\u00e9st folytatok P\u00e9csett.<\/p>\n<p>Mag\u00e1nrendel\u00e9semen \u00e1ltal\u00e1nos f\u00fcl-orr-g\u00e9g\u00e9szeti panaszok mellett hall\u00e1scs\u00f6kken\u00e9s, valamint f\u00fclz\u00fag\u00e1s \u00e9s sz\u00e9d\u00fcl\u00e9s f\u00fcl-orr-g\u00e9g\u00e9szeti okainak kivizsg\u00e1l\u00e1s\u00e1val \u00e9s ter\u00e1pi\u00e1j\u00e1val foglalkozom feln\u0151tt \u00e9s gyermek betegekn\u00e9l.<br \/>Sz\u00e9d\u00fcl\u00e9ssel, bizonytalans\u00e1ggal j\u00e1r\u00f3 betegs\u00e9gek diagnosztik\u00e1ja az egyens\u00falyszerv vHIT eszk\u00f6zzel t\u00f6rt\u00e9n\u0151 vizsg\u00e1lata\u00a0 seg\u00edts\u00e9g\u00e9vel.<\/p>\n<p>&nbsp;<\/p>\n<p>Rendel\u00e9si id\u0151: keddenk\u00e9nt 16:00-t\u00f3l.<\/p>\n<p>Id\u0151pont egyeztet\u00e9s \u00e9s inform\u00e1ci\u00f3 a 06-30-715-6862-es telefonsz\u00e1mon lehets\u00e9ges.<\/p>\n<p>[\/et_pb_text][\/et_pb_column][\/et_pb_row][\/et_pb_section]<\/p>\n","protected":false},"excerpt":{"rendered":"<p>KEDVES L\u00c1TOGAT\u00d3! AZ OLDAL JELENLEG SZERKESZT\u00c9S ALATT \u00c1LL!P\u00e9cs, Hung\u00e1ria \u00fat 53\/1. 208-as rendel\u0151Tel.: 06-30-715-68627621 P\u00e9cs, Munk\u00e1csy M. u. 2.Munkahelyi telefon: 06-72-507-382A PTE KK F\u00fcl-, Orr-, G\u00e9g\u00e9szeti \u00e9s Fej-, Nyakseb\u00e9szeti Klinika Otoneurol\u00f3giai Szakambulanci\u00e1ja mellett sz\u00e9d\u00fcl\u00e9s diagnosztikai vizsg\u00e1latokat \u00e9s ter\u00e1pi\u00e1s tan\u00e1csad\u00e1st v\u00e9gzek.2017 j\u00fcliust\u00f3l otoneurol\u00f3giai \u00e9s f\u00fcl-orr-g\u00e9g\u00e9szeti mag\u00e1nrendel\u00e9st folytatok P\u00e9csett. Mag\u00e1nrendel\u00e9semen \u00e1ltal\u00e1nos f\u00fcl-orr-g\u00e9g\u00e9szeti panaszok mellett hall\u00e1scs\u00f6kken\u00e9s, valamint f\u00fclz\u00fag\u00e1s [&hellip;]<\/p>\n","protected":false},"author":1,"featured_media":0,"parent":0,"menu_order":0,"comment_status":"closed","ping_status":"closed","template":"page-template-blank.php","meta":{"_et_pb_use_builder":"on","_et_pb_old_content":"","_et_gb_content_width":"","footnotes":""},"class_list":["post-31","page","type-page","status-publish","hentry"],"_links":{"self":[{"href":"https:\/\/drharmatkinga.hu\/index.php?rest_route=\/wp\/v2\/pages\/31","targetHints":{"allow":["GET"]}}],"collection":[{"href":"https:\/\/drharmatkinga.hu\/index.php?rest_route=\/wp\/v2\/pages"}],"about":[{"href":"https:\/\/drharmatkinga.hu\/index.php?rest_route=\/wp\/v2\/types\/page"}],"author":[{"embeddable":true,"href":"https:\/\/drharmatkinga.hu\/index.php?rest_route=\/wp\/v2\/users\/1"}],"replies":[{"embeddable":true,"href":"https:\/\/drharmatkinga.hu\/index.php?rest_route=%2Fwp%2Fv2%2Fcomments&post=31"}],"version-history":[{"count":6,"href":"https:\/\/drharmatkinga.hu\/index.php?rest_route=\/wp\/v2\/pages\/31\/revisions"}],"predecessor-version":[{"id":45,"href":"https:\/\/drharmatkinga.hu\/index.php?rest_route=\/wp\/v2\/pages\/31\/revisions\/45"}],"wp:attachment":[{"href":"https:\/\/drharmatkinga.hu\/index.php?rest_route=%2Fwp%2Fv2%2Fmedia&parent=31"}],"curies":[{"name":"wp","href":"https:\/\/api.w.org\/{rel}","templated":true}]}}